{"id":3577,"date":"2020-12-11T12:06:08","date_gmt":"2020-12-11T11:06:08","guid":{"rendered":"http:\/\/infinityfitnesskrakow.pl\/?page_id=3577"},"modified":"2025-08-04T15:22:26","modified_gmt":"2025-08-04T13:22:26","slug":"oferta","status":"publish","type":"page","link":"https:\/\/infinityfitnesskrakow.pl\/index.php\/oferta\/","title":{"rendered":"Oferta"},"content":{"rendered":"<p>[vc_row enable_grid_lines=&#8221;&#8221;][vc_column css=&#8221;.vc_custom_1607939444939{margin-top: 50px !important;margin-bottom: 50px !important;}&#8221;][vc_tta_tour color=&#8221;black&#8221; active_section=&#8221;1&#8243;][vc_tta_section title=&#8221;GYM ROOM&#8221; tab_id=&#8221;1607939333305-d58c2aa4-d0fc&#8221;][vc_column_text]Has\u0142em przewodnim Infinity jest szeroko rozumiana Kultura Fizyczna.<\/p>\n<p>&nbsp;Nasza firma bardzo dba o dob\u00f3r sprz\u0119tu z kt\u00f3rego korzystaj\u0105 klienci, dlatego strefa GYM ROOM wyposa\u017cona jest sprz\u0119t uznanych na ca\u0142ym \u015bwiecie firm: Life Fitness, Technogym, Panatta, kt\u00f3ry zosta\u0142 dobrany tak by ka\u017cdy wykona\u0142 100% Swojego treningu i zrealizowa\u0142 Sw\u00f3j cel.<\/p>\n<p>Strefa Cardio &#8211; wyposa\u017cona jest w bie\u017cnie firmy Life Fitness z programami i ledowym wy\u015bwietlaczem. Ka\u017cde z tych urz\u0105dze\u0144 posiada r\u00f3\u017cnorodne programy w zale\u017cno\u015bci od potrzeb od treningu-spacer po lesie, program spalanie, interwa\u0142owy i g\u00f3rski. Ponad to ka\u017cdy mo\u017ce skorzysta\u0107 z takich sprz\u0119t\u00f3w takich jak: <strong>air bike<\/strong>,&nbsp;<strong>waterrower czy <\/strong><strong>bie\u017cnia speedfit.<\/strong><\/p>\n<p>Strefa Gym otwarta jest 24 godziny na dob\u0119 od poniedzia\u0142ku do pi\u0105tku. W niedziel\u0119 klub jest zamkni\u0119ty.<\/p>\n<p>Co zrobi\u0107 by zacz\u0105\u0107? Wystarczy \u015bci\u0105gn\u0105\u0107 nasza aplikacj\u0119 , kupi\u0107 karnet i zarezerwowa\u0107 godziny w grafiku zaj\u0119\u0107 wybieraj\u0105c filtr: Gym.<\/p>\n<p>Potrzebujesz wsparcia? Um\u00f3w si\u0119 na pierwsz\u0105 darmow\u0105 konsultacj\u0119 z naszym instruktorem, pomo\u017ce Ci w obraniu w\u0142a\u015bciwej drogi do realizacji Twojego celu. Pami\u0119taj, \u017ceby poinformowa\u0107 go o urazach, dolegliwo\u015bciach, problemach zdrowotnych, poka\u017ce dzia\u0142anie urz\u0105dze\u0144 i poinstruuje jak poprawnie wykonywa\u0107 \u0107wiczenia.<\/p>\n<p>Zabierz ze sob\u0105: str\u00f3j treningowy, wygodne obuwie sportowe, r\u0119cznik i wod\u0119. Na miejscu te\u017c mo\u017cesz kupi\u0107 napoje izotoniczne i wod\u0119.<\/p>\n<p>Nastaw si\u0119 na regularno\u015b\u0107. Dobre nastawienie na realizacj\u0119 Swojego planu to nieod\u0142\u0105czny element , kt\u00f3ry doprowadzi Ci\u0119 do sukcesu. Trening na si\u0142owni zmieni Tw\u00f3j styl \u017cycia.<\/p>\n<p><em>Jak cz\u0119sto trenowa\u0107?<\/em><\/p>\n<p>Osoby pocz\u0105tkuj\u0105ce &#8211; 2 razy w tygodniu<br \/>\nOsoby \u015bredniozaawansowane &#8211; 3 razy w tygodniu<br \/>\nOsoby zaawansowane &#8211; 3-6 razy w tygodniu<br \/>\nOsoby wysoko zaawansowane &#8211; 4-6 razy w tygodniu<br \/>\nNasz Zesp\u00f3\u0142 trener\u00f3w pragnie zapewni\u0107 ka\u017cdemu poczucie indywidualno\u015bci, s\u0142u\u017cy pomoc\u0105, motywuje, pomaga realizowa\u0107 cele, kszta\u0142ci i zach\u0119ca do \u201eustawiania poprzeczki coraz wy\u017cej&#8221;. Zapraszamy!<\/p>\n<p>REZERWUJ: <a href=\"https:\/\/infinityfitnesskrakow.gymmanager.io\/public\/reservation\">Customer Panel<\/a>[\/vc_column_text][\/vc_tta_section][vc_tta_section title=&#8221;TRENING PERSONALNY \/ MEDYCZNY&#8221; tab_id=&#8221;1607939333320-10c6d21a-79b9&#8243;][vc_column_text]Trening personalny jest to trening dobrany i przeprowadzony indywidualnie przez Trenera,&nbsp; uwzgl\u0119dniaj\u0105cy warunki fizyczne, stan zdrowia i preferencje Klienta. Trener pomo\u017ce Ci wyznaczy\u0107 cel, np. kszta\u0142towanie sylwetki, redukcja tkanki t\u0142uszczowej, zwi\u0119kszenie masy mi\u0119\u015bniowej, poprawa si\u0142y lub wytrzyma\u0142o\u015bci,&nbsp; korekcja wad postawy, pomo\u017ce w pracy nad kszta\u0142towaniem cech motorycznych.<\/p>\n<p>Opr\u00f3cz bezpiecze\u0144stwa Trener zadba o Twoj\u0105 technik\u0119, b\u0119dzie nadzorowa\u0142 i zmienia\u0142 plan treningowy, tak aby ka\u017cdy trening nie by\u0142 monotonny, a efekty przysz\u0142y naprawd\u0119 szybko.<\/p>\n<p>Trener personalny to osoba, kt\u00f3ra b\u0119dzie czuwa\u0142a nad realizacj\u0105 Twojego planu i celu treningowego. Dobierze odpowiednie \u0107wiczenia, urz\u0105dzenia, ilo\u015b\u0107 powt\u00f3rze\u0144 i obci\u0105\u017cenia do poziomu Twojego wytrenowania i predyspozycji. To bardzo wa\u017cne je\u015bli d\u0105\u017cysz to zmiany&nbsp; trybu \u017cycia i chcesz poprawi\u0107 stan zdrowia. Trener nie tylko motywuje, ale u\u0142atwia pokonanie Twoich s\u0142abo\u015bci.<\/p>\n<p>Czas sp\u0119dzony podczas treningu to nie tylko profesjonalnie przeprowadzone \u0107wiczenia, to te\u017c ogromna dawka wiedzy.<\/p>\n<p>Profesjonalni Trenerzy, sprz\u0119t najnowszej generacji, wygodny i kameralny klimat to mocne strony Infinity Fitness. Dlatego je\u015bli chcesz zmieni\u0107 Swoje \u017cycie na lepsze, nie zwlekaj i um\u00f3w si\u0119 na bezp\u0142atn\u0105 konsultacj\u0119 i trening.[\/vc_column_text][\/vc_tta_section][vc_tta_section title=&#8221;FITNESS&#8221; tab_id=&#8221;1618319104265-ec08ce6e-2227&#8243;][vc_column_text]Infinity Fitness od ponad 18 lat dba oto, aby zaj\u0119cia zorganizowane, by\u0142y prowadzone przez profesjonalnych, do\u015bwiadczonych Trener\u00f3w. Nasi trenerzy to ludzie z pasj\u0105 i z kilkunastoletnim do\u015bwiadczeniem, kt\u00f3rzy nieustannie si\u0119 szkol\u0105, bo chc\u0105, by zaj\u0119cia przez nich prowadzone by\u0142y zawsze na najwy\u017cszym poziomie. To dzi\u0119ki nim, Infinity Fitness od lat kojarzony jest ze \u015bwietn\u0105 jako\u015bci\u0105.<\/p>\n<p>W grafiku zaj\u0119\u0107 znajdziecie mi\u0119dzy innymi Jog\u0119 z Magdalen\u0105 Kowalczyk, Pilates i Zdrowy Kr\u0119gos\u0142up z Fizjoterapeut\u0105 \u0141ukaszem Tereszko, zaj\u0119cia wzmacniaj\u0105ce z Ul\u0105 Ku\u015bnierz i Jol\u0105 Kurzy\u0144sk\u0105, zaj\u0119cia taneczne z Asi\u0105 Guzik&nbsp; i Juli\u0105 Robak. Ponad to stworzyli\u015bmy program, rozwijaj\u0105cy cechy motoryczne. Organizujemy r\u00f3wnie\u017c, jako jeden z pierwszy klub\u00f3w w Krakowie maratony Spinningowe i Pilates.[\/vc_column_text][\/vc_tta_section][vc_tta_section title=&#8221;SPINNING&#8221; tab_id=&#8221;1728807494507-a369f072-4699&#8243;][vc_column_text]<\/p>\n<p data-start=\"53\" data-end=\"315\"><strong data-start=\"53\" data-end=\"84\">Spinning w Infinity Fitness<\/strong> to trening, w kt\u00f3rym to Ty decydujesz o intensywno\u015bci, a instruktor dopasowuje sesj\u0119 do Twoich mo\u017cliwo\u015bci. Nauczysz si\u0119 rozpoznawa\u0107 poziom wysi\u0142ku i rozwija\u0107 \u015bwiadomo\u015b\u0107 cia\u0142a. Trenujesz z Ani\u0105, Marcinem, dwoma Ulami, Kub\u0105 i Jurim.<\/p>\n<p data-start=\"317\" data-end=\"559\">Podczas zaj\u0119\u0107 szczeg\u00f3ln\u0105 wag\u0119 przywi\u0105zuje si\u0119 do po\u0142\u0105czenia cia\u0142a i umys\u0142u. Liczy si\u0119 ka\u017cdy detal \u2013 d\u017awi\u0119k, \u015bwiat\u0142o, atmosfera \u2013 wszystko po to, by dostarczy\u0107 wyj\u0105tkowych emocji. Instruktor dobiera technik\u0119, teren, op\u00f3r i stref\u0119 energetyczn\u0105.<\/p>\n<p data-start=\"561\" data-end=\"756\">Zalecamy trening z pulsometrem \u2013 niezale\u017cnie od tego, czy Twoim celem jest redukcja tkanki t\u0142uszczowej, poprawa kr\u0105\u017cenia czy wzmocnienie cia\u0142a. Odpowiednie t\u0119tno to klucz do skutecznego treningu.<\/p>\n<p data-start=\"758\" data-end=\"876\">Nieod\u0142\u0105cznym elementem zaj\u0119\u0107 jest muzyka \u2013 buduje tempo, motywuje i wp\u0142ywa na emocje, \u0142\u0105cz\u0105c wszystko w sp\u00f3jn\u0105 ca\u0142o\u015b\u0107.<\/p>\n<p data-start=\"878\" data-end=\"899\"><strong data-start=\"878\" data-end=\"899\">Rodzaje treningu:<\/strong><\/p>\n<p data-start=\"902\" data-end=\"985\"><strong data-start=\"902\" data-end=\"915\">Endurance<\/strong> \u2013 jazda w sta\u0142ym tempie (65\u201370% HR max), rozwija wydolno\u015b\u0107 tlenow\u0105.<\/p>\n<p data-start=\"988\" data-end=\"1066\"><strong data-start=\"988\" data-end=\"1000\">Strength<\/strong> \u2013 rosn\u0105ce obci\u0105\u017cenie (75\u201385% HR max), wzmacnia mi\u0119\u015bnie i serce.<\/p>\n<p data-start=\"1069\" data-end=\"1148\"><strong data-start=\"1069\" data-end=\"1081\">Interval<\/strong> \u2013 zmienne tempo (65\u201392% HR max), poprawia dynamik\u0119 i wytrzyma\u0142o\u015b\u0107.<\/p>\n<p>[\/vc_column_text][\/vc_tta_section][\/vc_tta_tour][\/vc_column][\/vc_row][vc_row enable_grid_lines=&#8221;&#8221;][vc_column][\/vc_column][\/vc_row]<\/p>\n","protected":false},"excerpt":{"rendered":"<p>[vc_row enable_grid_lines=&#8221;&#8221;][vc_column css=&#8221;.vc_custom_1607939444939{margin-top: 50px !important;margin-bottom: 50px !important;}&#8221;][vc_tta_tour color=&#8221;black&#8221; active_section=&#8221;1&#8243;][vc_tta_section title=&#8221;GYM ROOM&#8221; tab_id=&#8221;1607939333305-d58c2aa4-d0fc&#8221;][vc_column_text]Has\u0142em przewodnim Infinity jest szeroko rozumiana Kultura Fizyczna. &nbsp;Nasza firma bardzo dba o dob\u00f3r sprz\u0119tu z kt\u00f3rego korzystaj\u0105 klienci, dlatego strefa GYM ROOM wyposa\u017cona jest sprz\u0119t uznanych na ca\u0142ym [&hellip;]<\/p>\n","protected":false},"author":1,"featured_media":0,"parent":0,"menu_order":0,"comment_status":"closed","ping_status":"closed","template":"","meta":{"ngg_post_thumbnail":0},"_links":{"self":[{"href":"https:\/\/infinityfitnesskrakow.pl\/index.php\/wp-json\/wp\/v2\/pages\/3577"}],"collection":[{"href":"https:\/\/infinityfitnesskrakow.pl\/index.php\/wp-json\/wp\/v2\/pages"}],"about":[{"href":"https:\/\/infinityfitnesskrakow.pl\/index.php\/wp-json\/wp\/v2\/types\/page"}],"author":[{"embeddable":true,"href":"https:\/\/infinityfitnesskrakow.pl\/index.php\/wp-json\/wp\/v2\/users\/1"}],"replies":[{"embeddable":true,"href":"https:\/\/infinityfitnesskrakow.pl\/index.php\/wp-json\/wp\/v2\/comments?post=3577"}],"version-history":[{"count":34,"href":"https:\/\/infinityfitnesskrakow.pl\/index.php\/wp-json\/wp\/v2\/pages\/3577\/revisions"}],"predecessor-version":[{"id":4776,"href":"https:\/\/infinityfitnesskrakow.pl\/index.php\/wp-json\/wp\/v2\/pages\/3577\/revisions\/4776"}],"wp:attachment":[{"href":"https:\/\/infinityfitnesskrakow.pl\/index.php\/wp-json\/wp\/v2\/media?parent=3577"}],"curies":[{"name":"wp","href":"https:\/\/api.w.org\/{rel}","templated":true}]}}