{"id":3672,"date":"2020-12-15T13:16:42","date_gmt":"2020-12-15T12:16:42","guid":{"rendered":"http:\/\/infinityfitnesskrakow.pl\/?page_id=3672"},"modified":"2025-06-03T23:45:36","modified_gmt":"2025-06-03T21:45:36","slug":"przetwarzanie-danych","status":"publish","type":"page","link":"https:\/\/infinityfitnesskrakow.pl\/index.php\/przetwarzanie-danych\/","title":{"rendered":"Przetwarzanie danych"},"content":{"rendered":"<p>[vc_row enable_grid_lines=&#8221;&#8221;][vc_column][vc_column_text el_class=&#8221;privacy_text&#8221;]<strong>Aby zapewni\u0107 najwy\u017csz\u0105 jako\u015b\u0107 \u015bwiadczonych us\u0142ug zgodnie z art. 13 og\u00f3lnego rozporz\u0105dzenia o ochronie<\/strong><br \/>\n<strong>danych osobowych z dnia 27 kwietnia 2016 r zwanego dalej RODO, informujemy, i\u017c:<\/strong><br \/>\n<span class=\"big_red\">1)<\/span> Administratorem Twoich danych osobowych jest Infinity Fitness Sp. z o.o. zwanego dalej IF z siedzib\u0105 przy ul.<br \/>\nEmaus 5-6, 30-201 Krak\u00f3w.<br \/>\n<span class=\"big_red\">2)<\/span> Twoje dane osobowe przetwarzane b\u0119d\u0105 w celu korzystania z us\u0142ug fitness-club, na podstawie Art. 6 ust. 1<br \/>\nlit. b) RODO.<br \/>\n<span class=\"big_red\">3)<\/span> Odbiorcami tych danych b\u0119d\u0105 wy\u0142\u0105cznie podmioty uprawnione do uzyskania danych osobowych na<br \/>\npodstawie przepis\u00f3w prawa oraz podmioty uczestnicz\u0105ce w realizacji us\u0142ug.<br \/>\n<span class=\"big_red\">4)<\/span> Dane osobowe przechowywane b\u0119d\u0105 przez okres 6 lat<br \/>\n<span class=\"big_red\">5)<\/span> Masz prawo do \u017c\u0105dania od IF dost\u0119pu do swoich danych, prawo do ich sprostowania, usuni\u0119cia lub<br \/>\nograniczenia przetwarzania oraz prawo do ich przenoszenia.<br \/>\n<span class=\"big_red\">6)<\/span> Masz r\u00f3wnie\u017c prawo wniesienia skargi do organu nadzorczego<br \/>\n<span class=\"big_red\">7)<\/span> Podajesz swoje dane dobrowolne, jednak\u017ce odmowa podania danych mo\u017ce skutkowa\u0107 odmow\u0105 realizacji<br \/>\nus\u0142ugi\/umowy.[\/vc_column_text][\/vc_column][\/vc_row]<\/p>\n","protected":false},"excerpt":{"rendered":"<p>[vc_row enable_grid_lines=&#8221;&#8221;][vc_column][vc_column_text el_class=&#8221;privacy_text&#8221;]Aby zapewni\u0107 najwy\u017csz\u0105 jako\u015b\u0107 \u015bwiadczonych us\u0142ug zgodnie z art. 13 og\u00f3lnego rozporz\u0105dzenia o ochronie danych osobowych z dnia 27 kwietnia 2016 r zwanego dalej RODO, informujemy, i\u017c: 1) Administratorem Twoich danych osobowych jest Infinity Fitness Sp. z o.o. [&hellip;]<\/p>\n","protected":false},"author":1,"featured_media":0,"parent":0,"menu_order":0,"comment_status":"closed","ping_status":"closed","template":"","meta":{"ngg_post_thumbnail":0},"_links":{"self":[{"href":"https:\/\/infinityfitnesskrakow.pl\/index.php\/wp-json\/wp\/v2\/pages\/3672"}],"collection":[{"href":"https:\/\/infinityfitnesskrakow.pl\/index.php\/wp-json\/wp\/v2\/pages"}],"about":[{"href":"https:\/\/infinityfitnesskrakow.pl\/index.php\/wp-json\/wp\/v2\/types\/page"}],"author":[{"embeddable":true,"href":"https:\/\/infinityfitnesskrakow.pl\/index.php\/wp-json\/wp\/v2\/users\/1"}],"replies":[{"embeddable":true,"href":"https:\/\/infinityfitnesskrakow.pl\/index.php\/wp-json\/wp\/v2\/comments?post=3672"}],"version-history":[{"count":10,"href":"https:\/\/infinityfitnesskrakow.pl\/index.php\/wp-json\/wp\/v2\/pages\/3672\/revisions"}],"predecessor-version":[{"id":4704,"href":"https:\/\/infinityfitnesskrakow.pl\/index.php\/wp-json\/wp\/v2\/pages\/3672\/revisions\/4704"}],"wp:attachment":[{"href":"https:\/\/infinityfitnesskrakow.pl\/index.php\/wp-json\/wp\/v2\/media?parent=3672"}],"curies":[{"name":"wp","href":"https:\/\/api.w.org\/{rel}","templated":true}]}}